{"id":309,"date":"2026-03-18T15:13:49","date_gmt":"2026-03-18T15:13:49","guid":{"rendered":"https:\/\/gfa-silitech.de\/?page_id=309"},"modified":"2026-03-18T15:15:23","modified_gmt":"2026-03-18T15:15:23","slug":"impressum","status":"publish","type":"page","link":"https:\/\/gfa-silitech.de\/?page_id=309","title":{"rendered":"Impressum"},"content":{"rendered":"\t\t<div data-elementor-type=\"wp-page\" data-elementor-id=\"309\" class=\"elementor elementor-309\" data-elementor-post-type=\"page\">\n\t\t\t\t<div class=\"elementor-element elementor-element-fce48c6 e-flex e-con-boxed e-con e-parent\" data-id=\"fce48c6\" data-element_type=\"container\" data-e-type=\"container\">\n\t\t\t\t\t<div class=\"e-con-inner\">\n\t\t\t\t<div class=\"elementor-element elementor-element-a020d9f elementor-widget elementor-widget-text-editor\" data-id=\"a020d9f\" data-element_type=\"widget\" data-e-type=\"widget\" data-widget_type=\"text-editor.default\">\n\t\t\t\t\t\t\t\t\t<div class=\"cms-block  pos-0 cms-block-text\"><div class=\"cms-block-container  \"><div class=\"cms-block-container-row row cms-row \"><div class=\"col-12\" data-cms-element-id=\"018c814a6cc57264a85fa80898a0dddc\"><div class=\"cms-element-text\"><h1>Impressum<\/h1><p><strong>GfA-Dichtungstechnik Joachim Hagemeier GmbH<br \/>GfA-Dichtungen GmbH<br \/>GfA-Service GmbH<br \/>GfA-SiliTech GmbH<br \/><\/strong><\/p><p>Hauptstra\u00dfe 62-66<br \/>21439 Marxen bei Hamburg<\/p><p>Tel.: +49 41 85 \/ 58 40-0<br \/>Fax.: +49 41 85 \/ 58 40-40<br \/>Mail: info@gfa-dichtungen.de<\/p><p><strong>GfA-SealSystems West B.V.<\/strong><br \/><br \/>Dammaten 18-5<br \/>NL-7472DJ Goor<br \/><br \/>Tel: +31 628 139 581<br \/>Mail: info@gfa-sealsystems.eu<\/p><p>Konzept &amp; Gestaltung:\u00a0<a href=\"https:\/\/www.endlich-sommer.de\/\" target=\"_blank\" rel=\"noreferrer noopener\">endlichsommer \u2013 werbung in bester gesellschaft mbh<\/a><br \/>Programmierung:\u00a0<a href=\"https:\/\/teha-systems.de\/\" target=\"_blank\" rel=\"noreferrer noopener\">TeHa-Systems GmbH &amp; Co. KG<\/a>\u00a0und\u00a0<a href=\"https:\/\/softwerft.com\/\" target=\"_blank\" rel=\"noreferrer noopener\">softwerft GmbH<\/a><\/p><\/div><\/div><\/div><\/div><\/div><div class=\"cms-block  pos-1 cms-block-text\"><div class=\"cms-block-container  \"><div class=\"cms-block-container-row row cms-row \"><div class=\"col-12\" data-cms-element-id=\"018d0dd66c9f7130addc4a5e5f0abab2\"><div class=\"cms-element-text\"><h3>Handelsregistereintragungen:<\/h3><h4>G<span class=\"f\">f<\/span>A-Dichtungstechnik Joachim Hagemeier GmbH<\/h4><p>USt-IdNr: DE 136610754<br \/>Registergericht: Amtsgericht L\u00fcneburg HRB 110 699<br \/>Alleinvertretungsberechtigte Gesch\u00e4ftsf\u00fchrer: Lars Hagemeier<\/p><h4>G<span class=\"f\">f<\/span>A-Dichtungen GmbH<\/h4><p>USt-IdNr: DE 114956140<br \/>Registergericht: Amtsgericht L\u00fcneburg HRB 110 160<br \/>Alleinvertretungsberechtigte Gesch\u00e4ftsf\u00fchrer: Lars Hagemeier<\/p><h4>G<span class=\"f\">f<\/span>A-Service GmbH<\/h4><p>USt-IdNr: DE 114956131<br \/>Registergericht: Amtsgericht L\u00fcneburg HRB 110 167<br \/>Alleinvertretungsberechtigter Gesch\u00e4ftsf\u00fchrer: Lars Hagemeier<\/p><h4>G<span class=\"f\">f<\/span>A-SiliTech GmbH<\/h4><p>USt-IdNr: DE 327839799<br \/>Registergericht: Amtsgericht L\u00fcneburg HRB 208 646<br \/>Alleinvertretungsberechtigter Gesch\u00e4ftsf\u00fchrer: Nico Czok<\/p><h3>Gerichtsstand f\u00fcr alle Gesellschaften: L\u00fcneburg<\/h3><h4>G<span class=\"f\">f<\/span>A-SealSystems West B.V.<\/h4><p>Fiscaal nummer: 8560.07.730<br \/>Plaats van jurisdictie: Enschede<br \/>Directeur: Martin van Noort<\/p><p>Alle Vertr\u00e4ge zwischen den angef\u00fchrten GfA-Gesellschaften (im Weiteren: GfA-Dichtungen) und dem Kunden unterliegen dem Recht der Bundesrepublik Deutschland.<\/p><p>Redaktionelle und technische Verantwortung: Lars Hagemeier<\/p><h3>Haftungshinweis:<\/h3><p>Vervielf\u00e4ltigung im Ganzen oder in Teilen ist ohne die ausdr\u00fcckliche Genehmigung der GfA-Dichtungen GmbH in jeglicher Form auf jedem Medium untersagt.<\/p><p>Die Firma GfA-Dichtungen GmbH ist nicht verantwortlich f\u00fcr die Inhalte externer Websites. F\u00fcr die Inhalte Dritter, die durch Hyperlinks aufgerufen werden, sind die jeweiligen Anbieter verantwortlich.<\/p><h3>Google Analytics<\/h3><p>Diese Website benutzt Google Analytics, einen Webanalysedienst der Google Inc. (\u201eGoogle\u201c). Google Analytics verwendet sog. \u201eCookies\u201c, Textdateien, die auf Ihrem Computer gespeichert werden und die eine Analyse der Benutzung der Website durch Sie erm\u00f6glichen. Die durch den Cookie erzeugten Informationen \u00fcber Ihre Benutzung dieser Website werden in der Regel an einen Server von Google in den USA \u00fcbertragen und dort gespeichert. Im Falle der Aktivierung der IP-Anonymisierung auf dieser Webseite, wird Ihre IP-Adresse von Google jedoch innerhalb von Mitgliedstaaten der Europ\u00e4ischen Union oder in anderen Vertragsstaaten des Abkommens \u00fcber den Europ\u00e4ischen Wirtschaftsraum zuvor gek\u00fcrzt. Nur in Ausnahmef\u00e4llen wird die volle IP-Adresse an einen Server von Google in den USA \u00fcbertragen und dort gek\u00fcrzt. Im Auftrag des Betreibers dieser Website wird Google diese Informationen benutzen, um Ihre Nutzung der Website auszuwerten, um Reports \u00fcber die Websiteaktivit\u00e4ten zusammenzustellen und um weitere mit der Websitenutzung und der Internetnutzung verbundene Dienstleistungen gegen\u00fcber dem Websitebetreiber zu erbringen. Die im Rahmen von Google Analytics von Ihrem Browser \u00fcbermittelte IP-Adresse wird nicht mit anderen Daten von Google zusammengef\u00fchrt. Sie k\u00f6nnen die Speicherung der Cookies durch eine entsprechende Einstellung Ihrer Browser-Software verhindern; wir weisen Sie jedoch darauf hin, dass Sie in diesem Fall gegebenenfalls nicht s\u00e4mtliche Funktionen dieser Website vollumf\u00e4nglich werden nutzen k\u00f6nnen. Sie k\u00f6nnen dar\u00fcber hinaus die Erfassung der durch das Cookie erzeugten und auf Ihre Nutzung der Website bezogenen Daten (inkl. Ihrer IP-Adresse) an Google sowie die Verarbeitung dieser Daten durch Google verhindern, indem sie das unter dem folgenden Link (http:\/\/tools.google.com\/dlpage\/gaoptout?hl=de) verf\u00fcgbare Browser-Plugin herunterladen und installieren.<\/p><p>N\u00e4here Informationen hierzu finden Sie unter http:\/\/tools.google.com\/dlpage\/gaoptout?hl=de bzw. unter http:\/\/www.google.com\/intl\/de\/analytics\/privacyoverview.html (allgemeine Informationen zu Google Analytics und Datenschutz). Wir weisen Sie darauf hin, dass auf dieser Webseite Google Analytics um den Code \u201egat._anonymizeIp();\u201c erweitert wurde, um eine anonymisierte Erfassung von IP-Adressen (sog. IP-Masking) zu gew\u00e4hrleisten.<\/p><p>\u00a9 2024 GfA-Dichtungen. Alle Rechte vorbehalten.<\/p><\/div><\/div><\/div><\/div><\/div>\t\t\t\t\t\t\t\t<\/div>\n\t\t\t\t\t<\/div>\n\t\t\t\t<\/div>\n\t\t\t\t<\/div>\n\t\t","protected":false},"excerpt":{"rendered":"<p>Impressum GfA-Dichtungstechnik Joachim Hagemeier GmbHGfA-Dichtungen GmbHGfA-Service GmbHGfA-SiliTech GmbH Hauptstra\u00dfe 62-6621439 Marxen bei Hamburg Tel.: +49 41 85 \/ 58 40-0Fax.: +49 41 85 \/ 58 40-40Mail: info@gfa-dichtungen.de GfA-SealSystems West B.V. Dammaten 18-5NL-7472DJ Goor Tel: +31 628 139 581Mail: info@gfa-sealsystems.eu Konzept &amp; Gestaltung:\u00a0endlichsommer \u2013 werbung in bester gesellschaft mbhProgrammierung:\u00a0TeHa-Systems GmbH &amp; Co. KG\u00a0und\u00a0softwerft GmbH Handelsregistereintragungen: GfA-Dichtungstechnik [&hellip;]<\/p>\n","protected":false},"author":1,"featured_media":0,"parent":0,"menu_order":0,"comment_status":"closed","ping_status":"closed","template":"elementor_header_footer","meta":{"footnotes":""},"class_list":["post-309","page","type-page","status-publish","hentry"],"yoast_head":"<!-- This site is optimized with the Yoast SEO plugin v27.4 - https:\/\/yoast.com\/product\/yoast-seo-wordpress\/ -->\n<title>Impressum - GfA-Silitech<\/title>\n<meta name=\"robots\" content=\"index, follow, max-snippet:-1, max-image-preview:large, max-video-preview:-1\" \/>\n<link rel=\"canonical\" href=\"https:\/\/gfa-silitech.de\/?page_id=309\" \/>\n<meta property=\"og:locale\" content=\"de_DE\" \/>\n<meta property=\"og:type\" content=\"article\" \/>\n<meta property=\"og:title\" content=\"Impressum - GfA-Silitech\" \/>\n<meta property=\"og:description\" content=\"Impressum GfA-Dichtungstechnik Joachim Hagemeier GmbHGfA-Dichtungen GmbHGfA-Service GmbHGfA-SiliTech GmbH Hauptstra\u00dfe 62-6621439 Marxen bei Hamburg Tel.: +49 41 85 \/ 58 40-0Fax.: +49 41 85 \/ 58 40-40Mail: info@gfa-dichtungen.de GfA-SealSystems West B.V. Dammaten 18-5NL-7472DJ Goor Tel: +31 628 139 581Mail: info@gfa-sealsystems.eu Konzept &amp; Gestaltung:\u00a0endlichsommer \u2013 werbung in bester gesellschaft mbhProgrammierung:\u00a0TeHa-Systems GmbH &amp; Co. KG\u00a0und\u00a0softwerft GmbH Handelsregistereintragungen: GfA-Dichtungstechnik [&hellip;]\" \/>\n<meta property=\"og:url\" content=\"https:\/\/gfa-silitech.de\/?page_id=309\" \/>\n<meta property=\"og:site_name\" content=\"GfA-Silitech\" \/>\n<meta property=\"article:modified_time\" content=\"2026-03-18T15:15:23+00:00\" \/>\n<meta name=\"twitter:card\" content=\"summary_large_image\" \/>\n<meta name=\"twitter:label1\" content=\"Gesch\u00e4tzte Lesezeit\" \/>\n\t<meta name=\"twitter:data1\" content=\"3\u00a0Minuten\" \/>\n<script type=\"application\/ld+json\" class=\"yoast-schema-graph\">{\"@context\":\"https:\\\/\\\/schema.org\",\"@graph\":[{\"@type\":\"WebPage\",\"@id\":\"https:\\\/\\\/gfa-silitech.de\\\/?page_id=309\",\"url\":\"https:\\\/\\\/gfa-silitech.de\\\/?page_id=309\",\"name\":\"Impressum - GfA-Silitech\",\"isPartOf\":{\"@id\":\"https:\\\/\\\/gfa-silitech.de\\\/#website\"},\"datePublished\":\"2026-03-18T15:13:49+00:00\",\"dateModified\":\"2026-03-18T15:15:23+00:00\",\"breadcrumb\":{\"@id\":\"https:\\\/\\\/gfa-silitech.de\\\/?page_id=309#breadcrumb\"},\"inLanguage\":\"de\",\"potentialAction\":[{\"@type\":\"ReadAction\",\"target\":[\"https:\\\/\\\/gfa-silitech.de\\\/?page_id=309\"]}]},{\"@type\":\"BreadcrumbList\",\"@id\":\"https:\\\/\\\/gfa-silitech.de\\\/?page_id=309#breadcrumb\",\"itemListElement\":[{\"@type\":\"ListItem\",\"position\":1,\"name\":\"Home\",\"item\":\"https:\\\/\\\/gfa-silitech.de\\\/\"},{\"@type\":\"ListItem\",\"position\":2,\"name\":\"Impressum\"}]},{\"@type\":\"WebSite\",\"@id\":\"https:\\\/\\\/gfa-silitech.de\\\/#website\",\"url\":\"https:\\\/\\\/gfa-silitech.de\\\/\",\"name\":\"GfA-Silitech\",\"description\":\"\",\"publisher\":{\"@id\":\"https:\\\/\\\/gfa-silitech.de\\\/#organization\"},\"potentialAction\":[{\"@type\":\"SearchAction\",\"target\":{\"@type\":\"EntryPoint\",\"urlTemplate\":\"https:\\\/\\\/gfa-silitech.de\\\/?s={search_term_string}\"},\"query-input\":{\"@type\":\"PropertyValueSpecification\",\"valueRequired\":true,\"valueName\":\"search_term_string\"}}],\"inLanguage\":\"de\"},{\"@type\":\"Organization\",\"@id\":\"https:\\\/\\\/gfa-silitech.de\\\/#organization\",\"name\":\"GfA-Silitech\",\"url\":\"https:\\\/\\\/gfa-silitech.de\\\/\",\"logo\":{\"@type\":\"ImageObject\",\"inLanguage\":\"de\",\"@id\":\"https:\\\/\\\/gfa-silitech.de\\\/#\\\/schema\\\/logo\\\/image\\\/\",\"url\":\"https:\\\/\\\/gfa-silitech.de\\\/wp-content\\\/uploads\\\/2026\\\/02\\\/cropped-GfA-Logos_L_CMYK_SILITECH_ROT_02102023.png\",\"contentUrl\":\"https:\\\/\\\/gfa-silitech.de\\\/wp-content\\\/uploads\\\/2026\\\/02\\\/cropped-GfA-Logos_L_CMYK_SILITECH_ROT_02102023.png\",\"width\":512,\"height\":512,\"caption\":\"GfA-Silitech\"},\"image\":{\"@id\":\"https:\\\/\\\/gfa-silitech.de\\\/#\\\/schema\\\/logo\\\/image\\\/\"},\"sameAs\":[\"https:\\\/\\\/www.linkedin.com\\\/company\\\/gfa-dichtungen\\\/\",\"https:\\\/\\\/www.instagram.com\\\/gfa.dichtungen\\\/\",\"https:\\\/\\\/www.youtube.com\\\/@GfA-Dichtungen\"]}]}<\/script>\n<!-- \/ Yoast SEO plugin. -->","yoast_head_json":{"title":"Impressum - GfA-Silitech","robots":{"index":"index","follow":"follow","max-snippet":"max-snippet:-1","max-image-preview":"max-image-preview:large","max-video-preview":"max-video-preview:-1"},"canonical":"https:\/\/gfa-silitech.de\/?page_id=309","og_locale":"de_DE","og_type":"article","og_title":"Impressum - GfA-Silitech","og_description":"Impressum GfA-Dichtungstechnik Joachim Hagemeier GmbHGfA-Dichtungen GmbHGfA-Service GmbHGfA-SiliTech GmbH Hauptstra\u00dfe 62-6621439 Marxen bei Hamburg Tel.: +49 41 85 \/ 58 40-0Fax.: +49 41 85 \/ 58 40-40Mail: info@gfa-dichtungen.de GfA-SealSystems West B.V. Dammaten 18-5NL-7472DJ Goor Tel: +31 628 139 581Mail: info@gfa-sealsystems.eu Konzept &amp; Gestaltung:\u00a0endlichsommer \u2013 werbung in bester gesellschaft mbhProgrammierung:\u00a0TeHa-Systems GmbH &amp; Co. KG\u00a0und\u00a0softwerft GmbH Handelsregistereintragungen: GfA-Dichtungstechnik [&hellip;]","og_url":"https:\/\/gfa-silitech.de\/?page_id=309","og_site_name":"GfA-Silitech","article_modified_time":"2026-03-18T15:15:23+00:00","twitter_card":"summary_large_image","twitter_misc":{"Gesch\u00e4tzte Lesezeit":"3\u00a0Minuten"},"schema":{"@context":"https:\/\/schema.org","@graph":[{"@type":"WebPage","@id":"https:\/\/gfa-silitech.de\/?page_id=309","url":"https:\/\/gfa-silitech.de\/?page_id=309","name":"Impressum - GfA-Silitech","isPartOf":{"@id":"https:\/\/gfa-silitech.de\/#website"},"datePublished":"2026-03-18T15:13:49+00:00","dateModified":"2026-03-18T15:15:23+00:00","breadcrumb":{"@id":"https:\/\/gfa-silitech.de\/?page_id=309#breadcrumb"},"inLanguage":"de","potentialAction":[{"@type":"ReadAction","target":["https:\/\/gfa-silitech.de\/?page_id=309"]}]},{"@type":"BreadcrumbList","@id":"https:\/\/gfa-silitech.de\/?page_id=309#breadcrumb","itemListElement":[{"@type":"ListItem","position":1,"name":"Home","item":"https:\/\/gfa-silitech.de\/"},{"@type":"ListItem","position":2,"name":"Impressum"}]},{"@type":"WebSite","@id":"https:\/\/gfa-silitech.de\/#website","url":"https:\/\/gfa-silitech.de\/","name":"GfA-Silitech","description":"","publisher":{"@id":"https:\/\/gfa-silitech.de\/#organization"},"potentialAction":[{"@type":"SearchAction","target":{"@type":"EntryPoint","urlTemplate":"https:\/\/gfa-silitech.de\/?s={search_term_string}"},"query-input":{"@type":"PropertyValueSpecification","valueRequired":true,"valueName":"search_term_string"}}],"inLanguage":"de"},{"@type":"Organization","@id":"https:\/\/gfa-silitech.de\/#organization","name":"GfA-Silitech","url":"https:\/\/gfa-silitech.de\/","logo":{"@type":"ImageObject","inLanguage":"de","@id":"https:\/\/gfa-silitech.de\/#\/schema\/logo\/image\/","url":"https:\/\/gfa-silitech.de\/wp-content\/uploads\/2026\/02\/cropped-GfA-Logos_L_CMYK_SILITECH_ROT_02102023.png","contentUrl":"https:\/\/gfa-silitech.de\/wp-content\/uploads\/2026\/02\/cropped-GfA-Logos_L_CMYK_SILITECH_ROT_02102023.png","width":512,"height":512,"caption":"GfA-Silitech"},"image":{"@id":"https:\/\/gfa-silitech.de\/#\/schema\/logo\/image\/"},"sameAs":["https:\/\/www.linkedin.com\/company\/gfa-dichtungen\/","https:\/\/www.instagram.com\/gfa.dichtungen\/","https:\/\/www.youtube.com\/@GfA-Dichtungen"]}]}},"_links":{"self":[{"href":"https:\/\/gfa-silitech.de\/index.php?rest_route=\/wp\/v2\/pages\/309","targetHints":{"allow":["GET"]}}],"collection":[{"href":"https:\/\/gfa-silitech.de\/index.php?rest_route=\/wp\/v2\/pages"}],"about":[{"href":"https:\/\/gfa-silitech.de\/index.php?rest_route=\/wp\/v2\/types\/page"}],"author":[{"embeddable":true,"href":"https:\/\/gfa-silitech.de\/index.php?rest_route=\/wp\/v2\/users\/1"}],"replies":[{"embeddable":true,"href":"https:\/\/gfa-silitech.de\/index.php?rest_route=%2Fwp%2Fv2%2Fcomments&post=309"}],"version-history":[{"count":0,"href":"https:\/\/gfa-silitech.de\/index.php?rest_route=\/wp\/v2\/pages\/309\/revisions"}],"wp:attachment":[{"href":"https:\/\/gfa-silitech.de\/index.php?rest_route=%2Fwp%2Fv2%2Fmedia&parent=309"}],"curies":[{"name":"wp","href":"https:\/\/api.w.org\/{rel}","templated":true}]}}