{"id":322,"date":"2026-03-18T15:19:22","date_gmt":"2026-03-18T15:19:22","guid":{"rendered":"https:\/\/gfa-silitech.de\/?page_id=322"},"modified":"2026-03-18T15:19:32","modified_gmt":"2026-03-18T15:19:32","slug":"datenschutzerklaerung","status":"publish","type":"page","link":"https:\/\/gfa-silitech.de\/?page_id=322","title":{"rendered":"Datenschutzerkl\u00e4rung"},"content":{"rendered":"\t\t<div data-elementor-type=\"wp-page\" data-elementor-id=\"322\" class=\"elementor elementor-322\" data-elementor-post-type=\"page\">\n\t\t\t\t<div class=\"elementor-element elementor-element-fce48c6 e-flex e-con-boxed e-con e-parent\" data-id=\"fce48c6\" data-element_type=\"container\" data-e-type=\"container\">\n\t\t\t\t\t<div class=\"e-con-inner\">\n\t\t\t\t<div class=\"elementor-element elementor-element-a020d9f elementor-widget elementor-widget-text-editor\" data-id=\"a020d9f\" data-element_type=\"widget\" data-e-type=\"widget\" data-widget_type=\"text-editor.default\">\n\t\t\t\t\t\t\t\t\t<div class=\"cms-block pos-0 cms-block-text\"><div class=\"cms-block-container \"><div class=\"cms-block-container-row row cms-row \"><div class=\"col-12\" data-cms-element-id=\"018c814a6cc57264a85fa80898a0dddc\"><div class=\"cms-element-text\"><h1>Datenschutzerkl\u00e4rung<\/h1><h2>Allgemeiner Hinweis und Pflichtinformationen<\/h2><h3>Benennung der verantwortlichen Stelle<\/h3><p>Die verantwortliche Stelle f\u00fcr die Datenverarbeitung auf dieser Website ist:<\/p><p><span id=\"s3-t-firma\">GfA-Dichtungstechnik Joachim Hagemeier GmbH<\/span><br \/><span id=\"s3-t-ansprechpartner\">Lars Hagemeier<\/span><br \/><span id=\"s3-t-strasse\">Hauptstra\u00dfe 62-66<\/span><br \/><span id=\"s3-t-plz\">21439<\/span>\u00a0<span id=\"s3-t-ort\">Marxen bei Hamburg<\/span><\/p><p>\u00a0<\/p><p>Die verantwortliche Stelle entscheidet allein oder gemeinsam mit anderen \u00fcber die Zwecke und Mittel der Verarbeitung von personenbezogenen Daten (z.B. Namen, Kontaktdaten o. \u00c4.).<\/p><h3>Widerruf Ihrer Einwilligung zur Datenverarbeitung<\/h3><p>Nur mit Ihrer ausdr\u00fccklichen Einwilligung sind einige Vorg\u00e4nge der Datenverarbeitung m\u00f6glich. Ein Widerruf Ihrer bereits erteilten Einwilligung ist jederzeit m\u00f6glich. F\u00fcr den Widerruf gen\u00fcgt eine formlose Mitteilung per E-Mail. Die Rechtm\u00e4\u00dfigkeit der bis zum Widerruf erfolgten Datenverarbeitung bleibt vom Widerruf unber\u00fchrt.<\/p><h3>Recht auf Beschwerde bei der zust\u00e4ndigen Aufsichtsbeh\u00f6rde<\/h3><p>Als Betroffener steht Ihnen im Falle eines datenschutzrechtlichen Versto\u00dfes ein Beschwerderecht bei der zust\u00e4ndigen Aufsichtsbeh\u00f6rde zu. Zust\u00e4ndige Aufsichtsbeh\u00f6rde bez\u00fcglich datenschutzrechtlicher Fragen ist der Landesdatenschutzbeauftragte des Bundeslandes, in dem sich der Sitz unseres Unternehmens befindet. Der folgende Link stellt eine Liste der Datenschutzbeauftragten sowie deren Kontaktdaten bereit:\u00a0<a href=\"https:\/\/www.bfdi.bund.de\/DE\/Infothek\/Anschriften_Links\/anschriften_links-node.html\" target=\"_blank\" rel=\"noreferrer noopener\">https:\/\/www.bfdi.bund.de\/DE\/Infothek\/Anschriften_Links\/anschriften_links-node.html<\/a>.<\/p><h3>Recht auf Daten\u00fcbertragbarkeit<\/h3><p>Ihnen steht das Recht zu, Daten, die wir auf Grundlage Ihrer Einwilligung oder in Erf\u00fcllung eines Vertrags automatisiert verarbeiten, an sich oder an Dritte aush\u00e4ndigen zu lassen. Die Bereitstellung erfolgt in einem maschinenlesbaren Format. Sofern Sie die direkte \u00dcbertragung der Daten an einen anderen Verantwortlichen verlangen, erfolgt dies nur, soweit es technisch machbar ist.<\/p><h3>Recht auf Auskunft, Berichtigung, Sperrung, L\u00f6schung<\/h3><p>Sie haben jederzeit im Rahmen der geltenden gesetzlichen Bestimmungen das Recht auf unentgeltliche Auskunft \u00fcber Ihre gespeicherten personenbezogenen Daten, Herkunft der Daten, deren Empf\u00e4nger und den Zweck der Datenverarbeitung und ggf. ein Recht auf Berichtigung, Sperrung oder L\u00f6schung dieser Daten. Diesbez\u00fcglich und auch zu weiteren Fragen zum Thema personenbezogene Daten k\u00f6nnen Sie sich jederzeit \u00fcber die im Impressum aufgef\u00fchrten Kontaktm\u00f6glichkeiten an uns wenden.<\/p><h3>SSL- bzw. TLS-Verschl\u00fcsselung<\/h3><p>Aus Sicherheitsgr\u00fcnden und zum Schutz der \u00dcbertragung vertraulicher Inhalte, die Sie an uns als Seitenbetreiber senden, nutzt unsere Website eine SSL-bzw. TLS-Verschl\u00fcsselung. Damit sind Daten, die Sie \u00fcber diese Website \u00fcbermitteln, f\u00fcr Dritte nicht mitlesbar. Sie erkennen eine verschl\u00fcsselte Verbindung an der \u201ehttps:\/\/\u201c Adresszeile Ihres Browsers und am Schloss-Symbol in der Browserzeile.<\/p><h3>Datenschutzbeauftragter<\/h3><p>Wir haben einen Datenschutzbeauftragten bestellt.<\/p><p>Rainer Mandler<br \/>Hauptstra\u00dfe 62-66<br \/>21439 Marxen bei Hamburg<br \/><br \/>Telefon: +49 41 85 \/ 58 40-0<br \/>E-Mail: r.mandler@gfa-dichtungen.de<\/p><h3>Server-Log-Dateien<\/h3><p>In Server-Log-Dateien erhebt und speichert der Provider der Website automatisch Informationen, die Ihr Browser automatisch an uns \u00fcbermittelt. Dies sind:<\/p><ul><li>Browsertyp und Browserversion<\/li><li>Verwendetes Betriebssystem<\/li><li>Referrer URL<\/li><li>Hostname des zugreifenden Rechners<\/li><li>Uhrzeit der Serveranfrage<\/li><li>IP-Adresse<\/li><\/ul><p>Es findet keine Zusammenf\u00fchrung dieser Daten mit anderen Datenquellen statt. Grundlage der Datenverarbeitung bildet Art. 6 Abs. 1 lit. b DSGVO, der die Verarbeitung von Daten zur Erf\u00fcllung eines Vertrags oder vorvertraglicher Ma\u00dfnahmen gestattet.<\/p><h3>Daten\u00fcbermittlung bei Vertragsschluss f\u00fcr Warenkauf und Warenversand<\/h3><p>Personenbezogene Daten werden nur an Dritte nur \u00fcbermittelt, sofern eine Notwendigkeit im Rahmen der Vertragsabwicklung besteht. Dritte k\u00f6nnen beispielsweise Bezahldienstleister oder Logistikunternehmen sein. Eine weitergehende \u00dcbermittlung der Daten findet nicht statt bzw. nur dann, wenn Sie dieser ausdr\u00fccklich zugestimmt haben.<\/p><p>Grundlage f\u00fcr die Datenverarbeitung ist Art. 6 Abs. 1 lit. b DSGVO, der die Verarbeitung von Daten zur Erf\u00fcllung eines Vertrags oder vorvertraglicher Ma\u00dfnahmen gestattet.<\/p><h3>Kontaktformular<\/h3><p>Per Kontaktformular \u00fcbermittelte Daten werden einschlie\u00dflich Ihrer Kontaktdaten gespeichert, um Ihre Anfrage bearbeiten zu k\u00f6nnen oder um f\u00fcr Anschlussfragen bereitzustehen. Eine Weitergabe dieser Daten findet ohne Ihre Einwilligung nicht statt.<\/p><p>Die Verarbeitung der in das Kontaktformular eingegebenen Daten erfolgt ausschlie\u00dflich auf Grundlage Ihrer Einwilligung (Art. 6 Abs. 1 lit. a DSGVO). Ein Widerruf Ihrer bereits erteilten Einwilligung ist jederzeit m\u00f6glich. F\u00fcr den Widerruf gen\u00fcgt eine formlose Mitteilung per E-Mail. Die Rechtm\u00e4\u00dfigkeit der bis zum Widerruf erfolgten Datenverarbeitungsvorg\u00e4nge bleibt vom Widerruf unber\u00fchrt.<\/p><p>\u00dcber das Kontaktformular \u00fcbermittelte Daten verbleiben bei uns, bis Sie uns zur L\u00f6schung auffordern, Ihre Einwilligung zur Speicherung widerrufen oder keine Notwendigkeit der Datenspeicherung mehr besteht. Zwingende gesetzliche Bestimmungen &#8211; insbesondere Aufbewahrungsfristen &#8211; bleiben unber\u00fchrt.<\/p><h3>Cookies<\/h3><p>Unsere Website verwendet Cookies. Das sind kleine Textdateien, die Ihr Webbrowser auf Ihrem Endger\u00e4t speichert. Cookies helfen uns dabei, unser Angebot nutzerfreundlicher, effektiver und sicherer zu machen.<\/p><p>Einige Cookies sind \u201cSession-Cookies.\u201d Solche Cookies werden nach Ende Ihrer Browser-Sitzung von selbst gel\u00f6scht. Hingegen bleiben andere Cookies auf Ihrem Endger\u00e4t bestehen, bis Sie diese selbst l\u00f6schen. Solche Cookies helfen uns, Sie bei R\u00fcckkehr auf unserer Website wiederzuerkennen.<\/p><p>Mit einem modernen Webbrowser k\u00f6nnen Sie das Setzen von Cookies \u00fcberwachen, einschr\u00e4nken oder unterbinden. Viele Webbrowser lassen sich so konfigurieren, dass Cookies mit dem Schlie\u00dfen des Programms von selbst gel\u00f6scht werden. Die Deaktivierung von Cookies kann eine eingeschr\u00e4nkte Funktionalit\u00e4t unserer Website zur Folge haben.<\/p><p>Das Setzen von Cookies, die zur Aus\u00fcbung elektronischer Kommunikationsvorg\u00e4nge oder der Bereitstellung bestimmter, von Ihnen erw\u00fcnschter Funktionen (z.B. Warenkorb) notwendig sind, erfolgt auf Grundlage von Art. 6 Abs. 1 lit. f DSGVO. Als Betreiber dieser Website haben wir ein berechtigtes Interesse an der Speicherung von Cookies zur technisch fehlerfreien und reibungslosen Bereitstellung unserer Dienste. Sofern die Setzung anderer Cookies (z.B. f\u00fcr Analyse-Funktionen) erfolgt, werden diese in dieser Datenschutzerkl\u00e4rung separat behandelt.<\/p><h3 id=\"recaptcha-info\">Google-Dienste<\/h3><p>Wir setzen mehrere Dienste der Firma Google LLC (1600 Amphitheatre Parkway, Mountain View, CA 94043, USA) und ihren verbundenen Unternehmen auf unserer Webseite ein.<br \/>Google-Datenschutzerkl\u00e4rung:\u00a0<a href=\"https:\/\/www.google.com\/policies\/privacy\/\" target=\"_blank\" rel=\"noreferrer noopener\">https:\/\/www.google.com\/policies\/privacy\/<\/a><br \/>Google-Opt-Out-Funktionen:\u00a0<a href=\"https:\/\/adssettings.google.com\/authenticated\" target=\"_blank\" rel=\"noreferrer noopener\">https:\/\/adssettings.google.com\/authenticated<\/a><\/p><p>Folgende Google-Dienste werden verwendet:<\/p><ul><li><strong>ReCaptcha:<\/strong>\u00a0Wird zur Vermeidung von unerw\u00fcnschten Emails eingesetzt, die \u00fcber Formulare verschickt werden k\u00f6nnten.<\/li><li><strong>Google Maps:<\/strong>\u00a0Wird f\u00fcr die Darstellung von Landkarten verwendet. Neben der \u00dcbermittlung von IP-Adressen, k\u00f6nnen hierbei insbesondere Standortdaten \u00fcbermittelt. Dies geschieht jedoch in der Regel nur nachdem der Browser die Zustimmung des Benutzers eingeholt hat.<\/li><li><strong>Google Fonts:<\/strong>\u00a0Wird f\u00fcr die Einbindung von Schriftarten verwendet.<\/li><\/ul><hr \/><p><small>Quelle (unter anderem): Datenschutz-Konfigurator von\u00a0<a href=\"https:\/\/www.mein-datenschutzbeauftragter.de\/\" target=\"_blank\" rel=\"noreferrer noopener\">mein-datenschutzbeauftragter.de<\/a><\/small><\/p><p>F\u00fcr das aktive Zustimmen oder Ablehnen von zu setzenden Tracking-Cookies von Drittanbietern (u.a. f\u00fcr Google Analytics und den Facebook Pixel) nutzen wir den Cookie-Banner des so genannten \u201e<a href=\"https:\/\/app.eprivacy-keeper.eu\/\" target=\"_blank\" rel=\"noreferrer noopener\">ePrivacy Keeper<\/a>\u201c. Damit entscheidet jeder Nutzer zu Beginn des Website-Besuchs aktiv, ob er dem Setzen von Tracking-Cookies zustimmt oder dies ablehnt. Tracking-Cookies wie nachfolgend n\u00e4her aufgef\u00fchrt werden erst dann gesetzt, wenn Sie dem aktiv zugestimmt haben. Sie k\u00f6nnen Ihre Entscheidung an dieser Stelle jederzeit per Klick \u00e4ndern:\u00a0<a class=\"ePrivacy-keeper-accept-cookies\">Zustimmen<\/a>\u00a0\/\u00a0<a class=\"ePrivacy-keeper-disagree-cookies\">Ablehnen<\/a><\/p><\/div><\/div><\/div><\/div><\/div>\t\t\t\t\t\t\t\t<\/div>\n\t\t\t\t\t<\/div>\n\t\t\t\t<\/div>\n\t\t\t\t<\/div>\n\t\t","protected":false},"excerpt":{"rendered":"<p>Datenschutzerkl\u00e4rung Allgemeiner Hinweis und Pflichtinformationen Benennung der verantwortlichen Stelle Die verantwortliche Stelle f\u00fcr die Datenverarbeitung auf dieser Website ist: GfA-Dichtungstechnik Joachim Hagemeier GmbHLars HagemeierHauptstra\u00dfe 62-6621439\u00a0Marxen bei Hamburg \u00a0 Die verantwortliche Stelle entscheidet allein oder gemeinsam mit anderen \u00fcber die Zwecke und Mittel der Verarbeitung von personenbezogenen Daten (z.B. Namen, Kontaktdaten o. \u00c4.). Widerruf Ihrer Einwilligung [&hellip;]<\/p>\n","protected":false},"author":1,"featured_media":0,"parent":0,"menu_order":0,"comment_status":"closed","ping_status":"closed","template":"elementor_header_footer","meta":{"footnotes":""},"class_list":["post-322","page","type-page","status-publish","hentry"],"yoast_head":"<!-- This site is optimized with the Yoast SEO plugin v27.4 - https:\/\/yoast.com\/product\/yoast-seo-wordpress\/ -->\n<title>Datenschutzerkl\u00e4rung - GfA-Silitech<\/title>\n<meta name=\"robots\" content=\"index, follow, max-snippet:-1, max-image-preview:large, max-video-preview:-1\" \/>\n<link rel=\"canonical\" href=\"https:\/\/gfa-silitech.de\/?page_id=322\" \/>\n<meta property=\"og:locale\" content=\"de_DE\" \/>\n<meta property=\"og:type\" content=\"article\" \/>\n<meta property=\"og:title\" content=\"Datenschutzerkl\u00e4rung - GfA-Silitech\" \/>\n<meta property=\"og:description\" content=\"Datenschutzerkl\u00e4rung Allgemeiner Hinweis und Pflichtinformationen Benennung der verantwortlichen Stelle Die verantwortliche Stelle f\u00fcr die Datenverarbeitung auf dieser Website ist: GfA-Dichtungstechnik Joachim Hagemeier GmbHLars HagemeierHauptstra\u00dfe 62-6621439\u00a0Marxen bei Hamburg \u00a0 Die verantwortliche Stelle entscheidet allein oder gemeinsam mit anderen \u00fcber die Zwecke und Mittel der Verarbeitung von personenbezogenen Daten (z.B. Namen, Kontaktdaten o. \u00c4.). Widerruf Ihrer Einwilligung [&hellip;]\" \/>\n<meta property=\"og:url\" content=\"https:\/\/gfa-silitech.de\/?page_id=322\" \/>\n<meta property=\"og:site_name\" content=\"GfA-Silitech\" \/>\n<meta property=\"article:modified_time\" content=\"2026-03-18T15:19:32+00:00\" \/>\n<meta name=\"twitter:card\" content=\"summary_large_image\" \/>\n<script type=\"application\/ld+json\" class=\"yoast-schema-graph\">{\"@context\":\"https:\\\/\\\/schema.org\",\"@graph\":[{\"@type\":\"WebPage\",\"@id\":\"https:\\\/\\\/gfa-silitech.de\\\/?page_id=322\",\"url\":\"https:\\\/\\\/gfa-silitech.de\\\/?page_id=322\",\"name\":\"Datenschutzerkl\u00e4rung - GfA-Silitech\",\"isPartOf\":{\"@id\":\"https:\\\/\\\/gfa-silitech.de\\\/#website\"},\"datePublished\":\"2026-03-18T15:19:22+00:00\",\"dateModified\":\"2026-03-18T15:19:32+00:00\",\"breadcrumb\":{\"@id\":\"https:\\\/\\\/gfa-silitech.de\\\/?page_id=322#breadcrumb\"},\"inLanguage\":\"de\",\"potentialAction\":[{\"@type\":\"ReadAction\",\"target\":[\"https:\\\/\\\/gfa-silitech.de\\\/?page_id=322\"]}]},{\"@type\":\"BreadcrumbList\",\"@id\":\"https:\\\/\\\/gfa-silitech.de\\\/?page_id=322#breadcrumb\",\"itemListElement\":[{\"@type\":\"ListItem\",\"position\":1,\"name\":\"Home\",\"item\":\"https:\\\/\\\/gfa-silitech.de\\\/\"},{\"@type\":\"ListItem\",\"position\":2,\"name\":\"Datenschutzerkl\u00e4rung\"}]},{\"@type\":\"WebSite\",\"@id\":\"https:\\\/\\\/gfa-silitech.de\\\/#website\",\"url\":\"https:\\\/\\\/gfa-silitech.de\\\/\",\"name\":\"GfA-Silitech\",\"description\":\"\",\"publisher\":{\"@id\":\"https:\\\/\\\/gfa-silitech.de\\\/#organization\"},\"potentialAction\":[{\"@type\":\"SearchAction\",\"target\":{\"@type\":\"EntryPoint\",\"urlTemplate\":\"https:\\\/\\\/gfa-silitech.de\\\/?s={search_term_string}\"},\"query-input\":{\"@type\":\"PropertyValueSpecification\",\"valueRequired\":true,\"valueName\":\"search_term_string\"}}],\"inLanguage\":\"de\"},{\"@type\":\"Organization\",\"@id\":\"https:\\\/\\\/gfa-silitech.de\\\/#organization\",\"name\":\"GfA-Silitech\",\"url\":\"https:\\\/\\\/gfa-silitech.de\\\/\",\"logo\":{\"@type\":\"ImageObject\",\"inLanguage\":\"de\",\"@id\":\"https:\\\/\\\/gfa-silitech.de\\\/#\\\/schema\\\/logo\\\/image\\\/\",\"url\":\"https:\\\/\\\/gfa-silitech.de\\\/wp-content\\\/uploads\\\/2026\\\/02\\\/cropped-GfA-Logos_L_CMYK_SILITECH_ROT_02102023.png\",\"contentUrl\":\"https:\\\/\\\/gfa-silitech.de\\\/wp-content\\\/uploads\\\/2026\\\/02\\\/cropped-GfA-Logos_L_CMYK_SILITECH_ROT_02102023.png\",\"width\":512,\"height\":512,\"caption\":\"GfA-Silitech\"},\"image\":{\"@id\":\"https:\\\/\\\/gfa-silitech.de\\\/#\\\/schema\\\/logo\\\/image\\\/\"},\"sameAs\":[\"https:\\\/\\\/www.linkedin.com\\\/company\\\/gfa-dichtungen\\\/\",\"https:\\\/\\\/www.instagram.com\\\/gfa.dichtungen\\\/\",\"https:\\\/\\\/www.youtube.com\\\/@GfA-Dichtungen\"]}]}<\/script>\n<!-- \/ Yoast SEO plugin. -->","yoast_head_json":{"title":"Datenschutzerkl\u00e4rung - GfA-Silitech","robots":{"index":"index","follow":"follow","max-snippet":"max-snippet:-1","max-image-preview":"max-image-preview:large","max-video-preview":"max-video-preview:-1"},"canonical":"https:\/\/gfa-silitech.de\/?page_id=322","og_locale":"de_DE","og_type":"article","og_title":"Datenschutzerkl\u00e4rung - GfA-Silitech","og_description":"Datenschutzerkl\u00e4rung Allgemeiner Hinweis und Pflichtinformationen Benennung der verantwortlichen Stelle Die verantwortliche Stelle f\u00fcr die Datenverarbeitung auf dieser Website ist: GfA-Dichtungstechnik Joachim Hagemeier GmbHLars HagemeierHauptstra\u00dfe 62-6621439\u00a0Marxen bei Hamburg \u00a0 Die verantwortliche Stelle entscheidet allein oder gemeinsam mit anderen \u00fcber die Zwecke und Mittel der Verarbeitung von personenbezogenen Daten (z.B. Namen, Kontaktdaten o. \u00c4.). Widerruf Ihrer Einwilligung [&hellip;]","og_url":"https:\/\/gfa-silitech.de\/?page_id=322","og_site_name":"GfA-Silitech","article_modified_time":"2026-03-18T15:19:32+00:00","twitter_card":"summary_large_image","schema":{"@context":"https:\/\/schema.org","@graph":[{"@type":"WebPage","@id":"https:\/\/gfa-silitech.de\/?page_id=322","url":"https:\/\/gfa-silitech.de\/?page_id=322","name":"Datenschutzerkl\u00e4rung - GfA-Silitech","isPartOf":{"@id":"https:\/\/gfa-silitech.de\/#website"},"datePublished":"2026-03-18T15:19:22+00:00","dateModified":"2026-03-18T15:19:32+00:00","breadcrumb":{"@id":"https:\/\/gfa-silitech.de\/?page_id=322#breadcrumb"},"inLanguage":"de","potentialAction":[{"@type":"ReadAction","target":["https:\/\/gfa-silitech.de\/?page_id=322"]}]},{"@type":"BreadcrumbList","@id":"https:\/\/gfa-silitech.de\/?page_id=322#breadcrumb","itemListElement":[{"@type":"ListItem","position":1,"name":"Home","item":"https:\/\/gfa-silitech.de\/"},{"@type":"ListItem","position":2,"name":"Datenschutzerkl\u00e4rung"}]},{"@type":"WebSite","@id":"https:\/\/gfa-silitech.de\/#website","url":"https:\/\/gfa-silitech.de\/","name":"GfA-Silitech","description":"","publisher":{"@id":"https:\/\/gfa-silitech.de\/#organization"},"potentialAction":[{"@type":"SearchAction","target":{"@type":"EntryPoint","urlTemplate":"https:\/\/gfa-silitech.de\/?s={search_term_string}"},"query-input":{"@type":"PropertyValueSpecification","valueRequired":true,"valueName":"search_term_string"}}],"inLanguage":"de"},{"@type":"Organization","@id":"https:\/\/gfa-silitech.de\/#organization","name":"GfA-Silitech","url":"https:\/\/gfa-silitech.de\/","logo":{"@type":"ImageObject","inLanguage":"de","@id":"https:\/\/gfa-silitech.de\/#\/schema\/logo\/image\/","url":"https:\/\/gfa-silitech.de\/wp-content\/uploads\/2026\/02\/cropped-GfA-Logos_L_CMYK_SILITECH_ROT_02102023.png","contentUrl":"https:\/\/gfa-silitech.de\/wp-content\/uploads\/2026\/02\/cropped-GfA-Logos_L_CMYK_SILITECH_ROT_02102023.png","width":512,"height":512,"caption":"GfA-Silitech"},"image":{"@id":"https:\/\/gfa-silitech.de\/#\/schema\/logo\/image\/"},"sameAs":["https:\/\/www.linkedin.com\/company\/gfa-dichtungen\/","https:\/\/www.instagram.com\/gfa.dichtungen\/","https:\/\/www.youtube.com\/@GfA-Dichtungen"]}]}},"_links":{"self":[{"href":"https:\/\/gfa-silitech.de\/index.php?rest_route=\/wp\/v2\/pages\/322","targetHints":{"allow":["GET"]}}],"collection":[{"href":"https:\/\/gfa-silitech.de\/index.php?rest_route=\/wp\/v2\/pages"}],"about":[{"href":"https:\/\/gfa-silitech.de\/index.php?rest_route=\/wp\/v2\/types\/page"}],"author":[{"embeddable":true,"href":"https:\/\/gfa-silitech.de\/index.php?rest_route=\/wp\/v2\/users\/1"}],"replies":[{"embeddable":true,"href":"https:\/\/gfa-silitech.de\/index.php?rest_route=%2Fwp%2Fv2%2Fcomments&post=322"}],"version-history":[{"count":0,"href":"https:\/\/gfa-silitech.de\/index.php?rest_route=\/wp\/v2\/pages\/322\/revisions"}],"wp:attachment":[{"href":"https:\/\/gfa-silitech.de\/index.php?rest_route=%2Fwp%2Fv2%2Fmedia&parent=322"}],"curies":[{"name":"wp","href":"https:\/\/api.w.org\/{rel}","templated":true}]}}